{"id":45,"date":"2011-09-11T13:07:24","date_gmt":"2011-09-11T13:07:24","guid":{"rendered":"http:\/\/www.kodcafe.com\/?page_id=45"},"modified":"2011-09-11T13:07:24","modified_gmt":"2011-09-11T13:07:24","slug":"iletisim-2","status":"publish","type":"page","link":"http:\/\/www.kodcafe.com\/?page_id=45","title":{"rendered":"\u0130LET\u0130\u015e\u0130M"},"content":{"rendered":"<p>[contact_form]<\/p>\n","protected":false},"excerpt":{"rendered":"<p>[contact_form]<\/p>\n","protected":false},"author":1,"featured_media":0,"parent":0,"menu_order":0,"comment_status":"open","ping_status":"closed","template":"","meta":{"footnotes":""},"class_list":["post-45","page","type-page","status-publish","hentry"],"_links":{"self":[{"href":"http:\/\/www.kodcafe.com\/index.php?rest_route=\/wp\/v2\/pages\/45","targetHints":{"allow":["GET"]}}],"collection":[{"href":"http:\/\/www.kodcafe.com\/index.php?rest_route=\/wp\/v2\/pages"}],"about":[{"href":"http:\/\/www.kodcafe.com\/index.php?rest_route=\/wp\/v2\/types\/page"}],"author":[{"embeddable":true,"href":"http:\/\/www.kodcafe.com\/index.php?rest_route=\/wp\/v2\/users\/1"}],"replies":[{"embeddable":true,"href":"http:\/\/www.kodcafe.com\/index.php?rest_route=%2Fwp%2Fv2%2Fcomments&post=45"}],"version-history":[{"count":0,"href":"http:\/\/www.kodcafe.com\/index.php?rest_route=\/wp\/v2\/pages\/45\/revisions"}],"wp:attachment":[{"href":"http:\/\/www.kodcafe.com\/index.php?rest_route=%2Fwp%2Fv2%2Fmedia&parent=45"}],"curies":[{"name":"wp","href":"https:\/\/api.w.org\/{rel}","templated":true}]}}